{"id":6598,"date":"2023-02-20T10:56:10","date_gmt":"2023-02-20T09:56:10","guid":{"rendered":"https:\/\/www.spinaker.com\/?post_type=product&#038;p=6598"},"modified":"2025-05-18T11:00:19","modified_gmt":"2025-05-18T10:00:19","slug":"coffret-cadeau-bien-etre","status":"publish","type":"product","link":"https:\/\/www.spinaker.com\/en\/boutique\/carte-cadeau\/coffret-cadeau-bien-etre","title":{"rendered":"Bon cadeau Instant bien-\u00eatre"},"content":{"rendered":"","protected":false},"excerpt":{"rendered":"<p>Coffrets \u00ab\u00a0Journ\u00e9e bien-\u00eatre\u00a0\u00bb : Acc\u00e8s au sauna 20mn et un message de 60 minutes pour 1 ou 2 personnes(s)<\/p>\n<p><strong>Coffrets valables . Possibilit\u00e9 d\u2019extension de votre s\u00e9jour. Sur r\u00e9servation et hors weekends prolong\u00e9s.<br \/>\n<\/strong><\/p>","protected":false},"featured_media":7606,"template":"","meta":[],"product_brand":[],"product_cat":[43],"product_tag":[],"class_list":{"0":"post-6598","1":"product","2":"type-product","3":"status-publish","4":"has-post-thumbnail","6":"product_cat-carte-cadeau","8":"first","9":"instock","10":"purchasable","11":"product-type-variable"},"yoast_head":"<!-- This site is optimized with the Yoast SEO plugin v25.4 - https:\/\/yoast.com\/wordpress\/plugins\/seo\/ -->\n<title>Coffret cadeau Instant Bien-\u00eatre au Spinaker : journ\u00e9e SPA et Massage<\/title>\n<meta name=\"description\" content=\"Bon cadeau pour un instant bien-\u00eatre \u00e0 l&#039;h\u00f4tel 4* Le Spinaker \u00e0 Port Camargue au Sauna et massage dans la station baln\u00e9aire au Grau-du-Roi\" \/>\n<meta name=\"robots\" content=\"index, follow, max-snippet:-1, max-image-preview:large, max-video-preview:-1\" \/>\n<link rel=\"canonical\" href=\"https:\/\/www.spinaker.com\/en\/boutique\/carte-cadeau\/coffret-cadeau-bien-etre\" \/>\n<meta property=\"og:locale\" content=\"en_GB\" \/>\n<meta property=\"og:type\" content=\"article\" \/>\n<meta property=\"og:title\" content=\"Coffret cadeau Instant Bien-\u00eatre au Spinaker : journ\u00e9e SPA et Massage\" \/>\n<meta property=\"og:description\" content=\"Bon cadeau pour un instant bien-\u00eatre \u00e0 l&#039;h\u00f4tel 4* Le Spinaker \u00e0 Port Camargue au Sauna et massage dans la station baln\u00e9aire au Grau-du-Roi\" \/>\n<meta property=\"og:url\" content=\"https:\/\/www.spinaker.com\/en\/boutique\/carte-cadeau\/coffret-cadeau-bien-etre\" \/>\n<meta property=\"og:site_name\" content=\"Spinaker - h\u00f4tel 4 \u00e9toiles - restaurant\" \/>\n<meta property=\"article:publisher\" content=\"https:\/\/www.facebook.com\/spinakerhotelofficiel\/\" \/>\n<meta property=\"article:modified_time\" content=\"2025-05-18T10:00:19+00:00\" \/>\n<meta property=\"og:image\" content=\"https:\/\/www.spinaker.com\/wp-content\/uploads\/Instant-Bien-etre-1.png\" \/>\n\t<meta property=\"og:image:width\" content=\"1748\" \/>\n\t<meta property=\"og:image:height\" content=\"1240\" \/>\n\t<meta property=\"og:image:type\" content=\"image\/png\" \/>\n<meta name=\"twitter:card\" content=\"summary_large_image\" \/>\n<script type=\"application\/ld+json\" class=\"yoast-schema-graph\">{\"@context\":\"https:\/\/schema.org\",\"@graph\":[{\"@type\":\"WebPage\",\"@id\":\"https:\/\/www.spinaker.com\/en\/boutique\/carte-cadeau\/coffret-cadeau-bien-etre\",\"url\":\"https:\/\/www.spinaker.com\/en\/boutique\/carte-cadeau\/coffret-cadeau-bien-etre\",\"name\":\"Coffret cadeau Instant Bien-\u00eatre au Spinaker : journ\u00e9e SPA et Massage\",\"isPartOf\":{\"@id\":\"https:\/\/www.spinaker.com\/#website\"},\"primaryImageOfPage\":{\"@id\":\"https:\/\/www.spinaker.com\/en\/boutique\/carte-cadeau\/coffret-cadeau-bien-etre#primaryimage\"},\"image\":{\"@id\":\"https:\/\/www.spinaker.com\/en\/boutique\/carte-cadeau\/coffret-cadeau-bien-etre#primaryimage\"},\"thumbnailUrl\":\"https:\/\/www.spinaker.com\/wp-content\/uploads\/Instant-Bien-etre-1.png\",\"datePublished\":\"2023-02-20T09:56:10+00:00\",\"dateModified\":\"2025-05-18T10:00:19+00:00\",\"description\":\"Bon cadeau pour un instant bien-\u00eatre \u00e0 l'h\u00f4tel 4* Le Spinaker \u00e0 Port Camargue au Sauna et massage dans la station baln\u00e9aire au Grau-du-Roi\",\"breadcrumb\":{\"@id\":\"https:\/\/www.spinaker.com\/en\/boutique\/carte-cadeau\/coffret-cadeau-bien-etre#breadcrumb\"},\"inLanguage\":\"en-GB\",\"potentialAction\":[{\"@type\":\"ReadAction\",\"target\":[\"https:\/\/www.spinaker.com\/en\/boutique\/carte-cadeau\/coffret-cadeau-bien-etre\"]}]},{\"@type\":\"ImageObject\",\"inLanguage\":\"en-GB\",\"@id\":\"https:\/\/www.spinaker.com\/en\/boutique\/carte-cadeau\/coffret-cadeau-bien-etre#primaryimage\",\"url\":\"https:\/\/www.spinaker.com\/wp-content\/uploads\/Instant-Bien-etre-1.png\",\"contentUrl\":\"https:\/\/www.spinaker.com\/wp-content\/uploads\/Instant-Bien-etre-1.png\",\"width\":1748,\"height\":1240},{\"@type\":\"BreadcrumbList\",\"@id\":\"https:\/\/www.spinaker.com\/en\/boutique\/carte-cadeau\/coffret-cadeau-bien-etre#breadcrumb\",\"itemListElement\":[{\"@type\":\"ListItem\",\"position\":1,\"name\":\"Boutique\",\"item\":\"https:\/\/www.spinaker.com\/en\/boutique\"},{\"@type\":\"ListItem\",\"position\":2,\"name\":\"Bon cadeau Instant bien-\u00eatre\"}]},{\"@type\":\"WebSite\",\"@id\":\"https:\/\/www.spinaker.com\/#website\",\"url\":\"https:\/\/www.spinaker.com\/\",\"name\":\"Spinaker - h\u00f4tel 4 \u00e9toiles - restaurant\",\"description\":\"H\u00f4tel 4 \u00e9toiles et restaurant gastronomique au Grau-du-Roi \u00e0 Port Camargue\",\"publisher\":{\"@id\":\"https:\/\/www.spinaker.com\/#organization\"},\"potentialAction\":[{\"@type\":\"SearchAction\",\"target\":{\"@type\":\"EntryPoint\",\"urlTemplate\":\"https:\/\/www.spinaker.com\/?s={search_term_string}\"},\"query-input\":{\"@type\":\"PropertyValueSpecification\",\"valueRequired\":true,\"valueName\":\"search_term_string\"}}],\"inLanguage\":\"en-GB\"},{\"@type\":\"Organization\",\"@id\":\"https:\/\/www.spinaker.com\/#organization\",\"name\":\"Spinaker - h\u00f4tel 4 \u00e9toiles - restaurant\",\"url\":\"https:\/\/www.spinaker.com\/\",\"logo\":{\"@type\":\"ImageObject\",\"inLanguage\":\"en-GB\",\"@id\":\"https:\/\/www.spinaker.com\/#\/schema\/logo\/image\/\",\"url\":\"https:\/\/www.spinaker.com\/wp-content\/uploads\/logo-lg.png\",\"contentUrl\":\"https:\/\/www.spinaker.com\/wp-content\/uploads\/logo-lg.png\",\"width\":500,\"height\":100,\"caption\":\"Spinaker - h\u00f4tel 4 \u00e9toiles - restaurant\"},\"image\":{\"@id\":\"https:\/\/www.spinaker.com\/#\/schema\/logo\/image\/\"},\"sameAs\":[\"https:\/\/www.facebook.com\/spinakerhotelofficiel\/\",\"https:\/\/www.instagram.com\/spinakerhotelofficiel\",\"https:\/\/www.youtube.com\/channel\/UCKo2MqXwoG6OPkp04pDfNYQ\"]}]}<\/script>\n<!-- \/ Yoast SEO plugin. -->","yoast_head_json":{"title":"Coffret cadeau Instant Bien-\u00eatre au Spinaker : journ\u00e9e SPA et Massage","description":"Bon cadeau pour un instant bien-\u00eatre \u00e0 l'h\u00f4tel 4* Le Spinaker \u00e0 Port Camargue au Sauna et massage dans la station baln\u00e9aire au Grau-du-Roi","robots":{"index":"index","follow":"follow","max-snippet":"max-snippet:-1","max-image-preview":"max-image-preview:large","max-video-preview":"max-video-preview:-1"},"canonical":"https:\/\/www.spinaker.com\/en\/boutique\/carte-cadeau\/coffret-cadeau-bien-etre","og_locale":"en_GB","og_type":"article","og_title":"Coffret cadeau Instant Bien-\u00eatre au Spinaker : journ\u00e9e SPA et Massage","og_description":"Bon cadeau pour un instant bien-\u00eatre \u00e0 l'h\u00f4tel 4* Le Spinaker \u00e0 Port Camargue au Sauna et massage dans la station baln\u00e9aire au Grau-du-Roi","og_url":"https:\/\/www.spinaker.com\/en\/boutique\/carte-cadeau\/coffret-cadeau-bien-etre","og_site_name":"Spinaker - h\u00f4tel 4 \u00e9toiles - restaurant","article_publisher":"https:\/\/www.facebook.com\/spinakerhotelofficiel\/","article_modified_time":"2025-05-18T10:00:19+00:00","og_image":[{"width":1748,"height":1240,"url":"https:\/\/www.spinaker.com\/wp-content\/uploads\/Instant-Bien-etre-1.png","type":"image\/png"}],"twitter_card":"summary_large_image","schema":{"@context":"https:\/\/schema.org","@graph":[{"@type":"WebPage","@id":"https:\/\/www.spinaker.com\/en\/boutique\/carte-cadeau\/coffret-cadeau-bien-etre","url":"https:\/\/www.spinaker.com\/en\/boutique\/carte-cadeau\/coffret-cadeau-bien-etre","name":"Coffret cadeau Instant Bien-\u00eatre au Spinaker : journ\u00e9e SPA et Massage","isPartOf":{"@id":"https:\/\/www.spinaker.com\/#website"},"primaryImageOfPage":{"@id":"https:\/\/www.spinaker.com\/en\/boutique\/carte-cadeau\/coffret-cadeau-bien-etre#primaryimage"},"image":{"@id":"https:\/\/www.spinaker.com\/en\/boutique\/carte-cadeau\/coffret-cadeau-bien-etre#primaryimage"},"thumbnailUrl":"https:\/\/www.spinaker.com\/wp-content\/uploads\/Instant-Bien-etre-1.png","datePublished":"2023-02-20T09:56:10+00:00","dateModified":"2025-05-18T10:00:19+00:00","description":"Bon cadeau pour un instant bien-\u00eatre \u00e0 l'h\u00f4tel 4* Le Spinaker \u00e0 Port Camargue au Sauna et massage dans la station baln\u00e9aire au Grau-du-Roi","breadcrumb":{"@id":"https:\/\/www.spinaker.com\/en\/boutique\/carte-cadeau\/coffret-cadeau-bien-etre#breadcrumb"},"inLanguage":"en-GB","potentialAction":[{"@type":"ReadAction","target":["https:\/\/www.spinaker.com\/en\/boutique\/carte-cadeau\/coffret-cadeau-bien-etre"]}]},{"@type":"ImageObject","inLanguage":"en-GB","@id":"https:\/\/www.spinaker.com\/en\/boutique\/carte-cadeau\/coffret-cadeau-bien-etre#primaryimage","url":"https:\/\/www.spinaker.com\/wp-content\/uploads\/Instant-Bien-etre-1.png","contentUrl":"https:\/\/www.spinaker.com\/wp-content\/uploads\/Instant-Bien-etre-1.png","width":1748,"height":1240},{"@type":"BreadcrumbList","@id":"https:\/\/www.spinaker.com\/en\/boutique\/carte-cadeau\/coffret-cadeau-bien-etre#breadcrumb","itemListElement":[{"@type":"ListItem","position":1,"name":"Boutique","item":"https:\/\/www.spinaker.com\/en\/boutique"},{"@type":"ListItem","position":2,"name":"Bon cadeau Instant bien-\u00eatre"}]},{"@type":"WebSite","@id":"https:\/\/www.spinaker.com\/#website","url":"https:\/\/www.spinaker.com\/","name":"Spinaker - h\u00f4tel 4 \u00e9toiles - restaurant","description":"H\u00f4tel 4 \u00e9toiles et restaurant gastronomique au Grau-du-Roi \u00e0 Port Camargue","publisher":{"@id":"https:\/\/www.spinaker.com\/#organization"},"potentialAction":[{"@type":"SearchAction","target":{"@type":"EntryPoint","urlTemplate":"https:\/\/www.spinaker.com\/?s={search_term_string}"},"query-input":{"@type":"PropertyValueSpecification","valueRequired":true,"valueName":"search_term_string"}}],"inLanguage":"en-GB"},{"@type":"Organization","@id":"https:\/\/www.spinaker.com\/#organization","name":"Spinaker - h\u00f4tel 4 \u00e9toiles - restaurant","url":"https:\/\/www.spinaker.com\/","logo":{"@type":"ImageObject","inLanguage":"en-GB","@id":"https:\/\/www.spinaker.com\/#\/schema\/logo\/image\/","url":"https:\/\/www.spinaker.com\/wp-content\/uploads\/logo-lg.png","contentUrl":"https:\/\/www.spinaker.com\/wp-content\/uploads\/logo-lg.png","width":500,"height":100,"caption":"Spinaker - h\u00f4tel 4 \u00e9toiles - restaurant"},"image":{"@id":"https:\/\/www.spinaker.com\/#\/schema\/logo\/image\/"},"sameAs":["https:\/\/www.facebook.com\/spinakerhotelofficiel\/","https:\/\/www.instagram.com\/spinakerhotelofficiel","https:\/\/www.youtube.com\/channel\/UCKo2MqXwoG6OPkp04pDfNYQ"]}]}},"jetpack_sharing_enabled":true,"_links":{"self":[{"href":"https:\/\/www.spinaker.com\/en\/wp-json\/wp\/v2\/product\/6598","targetHints":{"allow":["GET"]}}],"collection":[{"href":"https:\/\/www.spinaker.com\/en\/wp-json\/wp\/v2\/product"}],"about":[{"href":"https:\/\/www.spinaker.com\/en\/wp-json\/wp\/v2\/types\/product"}],"version-history":[{"count":5,"href":"https:\/\/www.spinaker.com\/en\/wp-json\/wp\/v2\/product\/6598\/revisions"}],"predecessor-version":[{"id":7609,"href":"https:\/\/www.spinaker.com\/en\/wp-json\/wp\/v2\/product\/6598\/revisions\/7609"}],"wp:featuredmedia":[{"embeddable":true,"href":"https:\/\/www.spinaker.com\/en\/wp-json\/wp\/v2\/media\/7606"}],"wp:attachment":[{"href":"https:\/\/www.spinaker.com\/en\/wp-json\/wp\/v2\/media?parent=6598"}],"wp:term":[{"taxonomy":"product_brand","embeddable":true,"href":"https:\/\/www.spinaker.com\/en\/wp-json\/wp\/v2\/product_brand?post=6598"},{"taxonomy":"product_cat","embeddable":true,"href":"https:\/\/www.spinaker.com\/en\/wp-json\/wp\/v2\/product_cat?post=6598"},{"taxonomy":"product_tag","embeddable":true,"href":"https:\/\/www.spinaker.com\/en\/wp-json\/wp\/v2\/product_tag?post=6598"}],"curies":[{"name":"wp","href":"https:\/\/api.w.org\/{rel}","templated":true}]}}