{"id":5203,"date":"2021-05-11T22:19:45","date_gmt":"2021-05-11T21:19:45","guid":{"rendered":"https:\/\/www.spinaker.com\/?page_id=5203"},"modified":"2022-01-02T01:03:43","modified_gmt":"2022-01-02T00:03:43","slug":"dispositif-covid","status":"publish","type":"page","link":"https:\/\/www.spinaker.com\/en\/dispositif-covid","title":{"rendered":"Dispositif Covid"},"content":{"rendered":"<div data-elementor-type=\"wp-page\" data-elementor-id=\"5203\" class=\"elementor elementor-5203\">\n\t\t\t\t\t\t<section class=\"elementor-section elementor-top-section elementor-element elementor-element-1bcc385 elementor-section-boxed elementor-section-height-default elementor-section-height-default\" data-id=\"1bcc385\" data-element_type=\"section\" data-settings=\"{&quot;background_background&quot;:&quot;classic&quot;}\">\r\n\t\t\t\t\t\t<div class=\"elementor-container elementor-column-gap-thegem\"><div class=\"elementor-row\">\r\n\t\t\t\t\t<div class=\"elementor-column elementor-col-100 elementor-top-column elementor-element elementor-element-d90754b\" data-id=\"d90754b\" data-element_type=\"column\">\n\t\t\t<div class=\"elementor-widget-wrap elementor-element-populated\">\n\t\t\t\t\t\t<div class=\"elementor-element elementor-element-9b0dac6 flex-horizontal-align-default flex-horizontal-align-tablet-default flex-horizontal-align-mobile-default flex-vertical-align-default flex-vertical-align-tablet-default flex-vertical-align-mobile-default elementor-widget elementor-widget-heading\" data-id=\"9b0dac6\" data-element_type=\"widget\" data-widget_type=\"heading.default\">\n\t\t\t\t<div class=\"elementor-widget-container\">\n\t\t\t\t\t<h1 class=\"elementor-heading-title elementor-size-default\">Nos mesures de s\u00e9curit\u00e9 Covid<\/h1>\t\t\t\t<\/div>\n\t\t\t\t<\/div>\n\t\t\t\t\t<\/div>\n\t\t<\/div>\n\t\t\t\t\t<\/div><\/div>\r\n\t\t<\/section>\r\n\t\t\t\t<section class=\"elementor-section elementor-top-section elementor-element elementor-element-305f972 elementor-section-boxed elementor-section-height-default elementor-section-height-default\" data-id=\"305f972\" data-element_type=\"section\">\r\n\t\t\t\t\t\t<div class=\"elementor-container elementor-column-gap-thegem\"><div class=\"elementor-row\">\r\n\t\t\t\t\t<div class=\"elementor-column elementor-col-100 elementor-top-column elementor-element elementor-element-06348ac\" data-id=\"06348ac\" data-element_type=\"column\">\n\t\t\t<div class=\"elementor-widget-wrap elementor-element-populated\">\n\t\t\t\t\t\t<section class=\"elementor-section elementor-inner-section elementor-element elementor-element-6f46931 elementor-section-boxed elementor-section-height-default elementor-section-height-default\" data-id=\"6f46931\" data-element_type=\"section\">\r\n\t\t\t\t\t\t<div class=\"elementor-container elementor-column-gap-thegem\"><div class=\"elementor-row\">\r\n\t\t\t\t\t<div class=\"elementor-column elementor-col-66 elementor-inner-column elementor-element elementor-element-f74b64f\" data-id=\"f74b64f\" data-element_type=\"column\">\n\t\t\t<div class=\"elementor-widget-wrap elementor-element-populated\">\n\t\t\t\t\t\t<div class=\"elementor-element elementor-element-56d6fb9 flex-horizontal-align-default flex-horizontal-align-tablet-default flex-horizontal-align-mobile-default flex-vertical-align-default flex-vertical-align-tablet-default flex-vertical-align-mobile-default elementor-widget elementor-widget-image\" data-id=\"56d6fb9\" data-element_type=\"widget\" data-widget_type=\"image.default\">\n\t\t\t\t<div class=\"elementor-widget-container\">\n\t\t\t\t\t\t\t\t\t\t\t\t\t\t\t<img width=\"2560\" height=\"1159\" src=\"https:\/\/www.spinaker.com\/wp-content\/uploads\/7-1-scaled.jpg\" class=\"attachment-full size-full wp-image-5207\" alt=\"\" srcset=\"https:\/\/www.spinaker.com\/wp-content\/uploads\/7-1-scaled.jpg 2560w, https:\/\/www.spinaker.com\/wp-content\/uploads\/7-1-scaled-300x136.jpg 300w, https:\/\/www.spinaker.com\/wp-content\/uploads\/7-1-scaled-600x272.jpg 600w, https:\/\/www.spinaker.com\/wp-content\/uploads\/7-1-1024x464.jpg 1024w, https:\/\/www.spinaker.com\/wp-content\/uploads\/7-1-768x348.jpg 768w, https:\/\/www.spinaker.com\/wp-content\/uploads\/7-1-1536x695.jpg 1536w, https:\/\/www.spinaker.com\/wp-content\/uploads\/7-1-2048x927.jpg 2048w\" sizes=\"(max-width: 2560px) 100vw, 2560px\" \/>\t\t\t\t\t\t\t\t\t\t\t\t\t\t\t<\/div>\n\t\t\t\t<\/div>\n\t\t\t\t\t<\/div>\n\t\t<\/div>\n\t\t\t\t<div class=\"elementor-column elementor-col-33 elementor-inner-column elementor-element elementor-element-8a5ebc3\" data-id=\"8a5ebc3\" data-element_type=\"column\">\n\t\t\t<div class=\"elementor-widget-wrap elementor-element-populated\">\n\t\t\t\t\t\t<div class=\"elementor-element elementor-element-40e78fb flex-horizontal-align-default flex-horizontal-align-tablet-default flex-horizontal-align-mobile-default flex-vertical-align-default flex-vertical-align-tablet-default flex-vertical-align-mobile-default elementor-widget elementor-widget-text-editor\" data-id=\"40e78fb\" data-element_type=\"widget\" data-widget_type=\"text-editor.default\">\n\t\t\t\t<div class=\"elementor-widget-container\">\n\t\t\t\t\t\t\t\t\t\t\t\t<div class=\"elementor-text-editor elementor-clearfix\">\r\n\t\t\t\t\t\tL&rsquo;h\u00f4tel Restaurant Le Spinaker b\u00e9n\u00e9ficie d\u2019une structure unique pour faire face au COVID 19 et accueillir sa client\u00e8le en toute s\u00e9curit\u00e9.\nNous avons mis en place en plus des dispositifs essentiels (gestes barri\u00e8res, gel hydroalcoolique\u2026) :\t\t\t\t\t\t\t<\/div>\r\n\t\t\t\t\t\t\t\t\t\t<\/div>\n\t\t\t\t<\/div>\n\t\t\t\t<div class=\"elementor-element elementor-element-71ace58 elementor-icon-list--layout-traditional elementor-list-item-link-full_width flex-horizontal-align-default flex-horizontal-align-tablet-default flex-horizontal-align-mobile-default flex-vertical-align-default flex-vertical-align-tablet-default flex-vertical-align-mobile-default elementor-widget elementor-widget-icon-list\" data-id=\"71ace58\" data-element_type=\"widget\" data-widget_type=\"icon-list.default\">\n\t\t\t\t<div class=\"elementor-widget-container\">\n\t\t\t\t\t\t\t<ul class=\"elementor-icon-list-items\">\n\t\t\t\t\t\t\t<li class=\"elementor-icon-list-item\">\n\t\t\t\t\t\t\t\t\t\t\t<span class=\"elementor-icon-list-icon\">\n\t\t\t\t\t\t\t<i aria-hidden=\"true\" class=\"gem-mdi mdi-star\"><\/i>\t\t\t\t\t\t<\/span>\n\t\t\t\t\t\t\t\t\t\t<span class=\"elementor-icon-list-text\">Les Menus du restaurant en ligne<\/span>\n\t\t\t\t\t\t\t\t\t<\/li>\n\t\t\t\t\t\t\t\t<li class=\"elementor-icon-list-item\">\n\t\t\t\t\t\t\t\t\t\t\t<span class=\"elementor-icon-list-icon\">\n\t\t\t\t\t\t\t<i aria-hidden=\"true\" class=\"gem-mdi mdi-star\"><\/i>\t\t\t\t\t\t<\/span>\n\t\t\t\t\t\t\t\t\t\t<span class=\"elementor-icon-list-text\"> Cable TV with International channels<\/span>\n\t\t\t\t\t\t\t\t\t<\/li>\n\t\t\t\t\t\t\t\t<li class=\"elementor-icon-list-item\">\n\t\t\t\t\t\t\t\t\t\t\t<span class=\"elementor-icon-list-icon\">\n\t\t\t\t\t\t\t<i aria-hidden=\"true\" class=\"gem-mdi mdi-star\"><\/i>\t\t\t\t\t\t<\/span>\n\t\t\t\t\t\t\t\t\t\t<span class=\"elementor-icon-list-text\">un am\u00e9nagement des espaces avec un parcours balis\u00e9<\/span>\n\t\t\t\t\t\t\t\t\t<\/li>\n\t\t\t\t\t\t\t\t<li class=\"elementor-icon-list-item\">\n\t\t\t\t\t\t\t\t\t\t\t<span class=\"elementor-icon-list-icon\">\n\t\t\t\t\t\t\t<i aria-hidden=\"true\" class=\"gem-mdi mdi-star\"><\/i>\t\t\t\t\t\t<\/span>\n\t\t\t\t\t\t\t\t\t\t<span class=\"elementor-icon-list-text\">Mise \u00e0 disposition du gel hydroalcoolique dans tout l'\u00e9tablissement<\/span>\n\t\t\t\t\t\t\t\t\t<\/li>\n\t\t\t\t\t\t<\/ul>\n\t\t\t\t\t\t<\/div>\n\t\t\t\t<\/div>\n\t\t\t\t\t<\/div>\n\t\t<\/div>\n\t\t\t\t\t<\/div><\/div>\r\n\t\t<\/section>\r\n\t\t\t\t\t<\/div>\n\t\t<\/div>\n\t\t\t\t\t<\/div><\/div>\r\n\t\t<\/section>\r\n\t\t\t\t<section class=\"elementor-section elementor-top-section elementor-element elementor-element-22261e8 elementor-section-boxed elementor-section-height-default elementor-section-height-default\" data-id=\"22261e8\" data-element_type=\"section\">\r\n\t\t\t\t\t\t<div class=\"elementor-container elementor-column-gap-thegem\"><div class=\"elementor-row\">\r\n\t\t\t\t\t<div class=\"elementor-column elementor-col-100 elementor-top-column elementor-element elementor-element-45f597a\" data-id=\"45f597a\" data-element_type=\"column\">\n\t\t\t<div class=\"elementor-widget-wrap elementor-element-populated\">\n\t\t\t\t\t\t<div class=\"elementor-element elementor-element-d993a57 elementor-position-right elementor-vertical-align-top flex-horizontal-align-default flex-horizontal-align-tablet-default flex-horizontal-align-mobile-default flex-vertical-align-default flex-vertical-align-tablet-default flex-vertical-align-mobile-default elementor-widget elementor-widget-image-box\" data-id=\"d993a57\" data-element_type=\"widget\" data-widget_type=\"image-box.default\">\n\t\t\t\t<div class=\"elementor-widget-container\">\n\t\t\t\t\t<div class=\"elementor-image-box-wrapper\"><figure class=\"elementor-image-box-img\"><img width=\"2048\" height=\"833\" src=\"https:\/\/www.spinaker.com\/wp-content\/uploads\/spinake-hotel-desinfection-uv-c-depplight-2048x833-1.jpg\" class=\"attachment-full size-full wp-image-5215\" alt=\"\" srcset=\"https:\/\/www.spinaker.com\/wp-content\/uploads\/spinake-hotel-desinfection-uv-c-depplight-2048x833-1.jpg 2048w, https:\/\/www.spinaker.com\/wp-content\/uploads\/spinake-hotel-desinfection-uv-c-depplight-2048x833-1-300x122.jpg 300w, https:\/\/www.spinaker.com\/wp-content\/uploads\/spinake-hotel-desinfection-uv-c-depplight-2048x833-1-600x244.jpg 600w, https:\/\/www.spinaker.com\/wp-content\/uploads\/spinake-hotel-desinfection-uv-c-depplight-2048x833-1-1024x417.jpg 1024w, https:\/\/www.spinaker.com\/wp-content\/uploads\/spinake-hotel-desinfection-uv-c-depplight-2048x833-1-768x312.jpg 768w, https:\/\/www.spinaker.com\/wp-content\/uploads\/spinake-hotel-desinfection-uv-c-depplight-2048x833-1-1536x625.jpg 1536w\" sizes=\"(max-width: 2048px) 100vw, 2048px\" \/><\/figure><div class=\"elementor-image-box-content\"><h3 class=\"elementor-image-box-title\">L\u2019H\u00d4TEL<\/h3><p class=\"elementor-image-box-description\">Nos chambres sont accessibles  ind\u00e9pendamment par l\u2019ext\u00e9rieur. En plus d\u2019un nettoyage effectu\u00e9 avec la plus grande attention, toutes les chambres seront d\u00e9sinfect\u00e9es par un robot UV-C (ce dispositif est utilis\u00e9 par la d\u00e9sinfection des blocs op\u00e9ratoires) et assure la destruction de 99% des bact\u00e9ries et virus.\n\n<\/p><\/div><\/div>\t\t\t\t<\/div>\n\t\t\t\t<\/div>\n\t\t\t\t\t<\/div>\n\t\t<\/div>\n\t\t\t\t\t<\/div><\/div>\r\n\t\t<\/section>\r\n\t\t\t\t<section class=\"elementor-section elementor-top-section elementor-element elementor-element-84f1f95 elementor-section-boxed elementor-section-height-default elementor-section-height-default\" data-id=\"84f1f95\" data-element_type=\"section\" data-settings=\"{&quot;background_background&quot;:&quot;classic&quot;}\">\r\n\t\t\t\t\t\t<div class=\"elementor-container elementor-column-gap-thegem\"><div class=\"elementor-row\">\r\n\t\t\t\t\t<div class=\"elementor-column elementor-col-100 elementor-top-column elementor-element elementor-element-4e9d9a0\" data-id=\"4e9d9a0\" data-element_type=\"column\">\n\t\t\t<div class=\"elementor-widget-wrap elementor-element-populated\">\n\t\t\t\t\t\t<div class=\"elementor-element elementor-element-8e87a08 elementor-position-left elementor-vertical-align-top flex-horizontal-align-default flex-horizontal-align-tablet-default flex-horizontal-align-mobile-default flex-vertical-align-default flex-vertical-align-tablet-default flex-vertical-align-mobile-default elementor-widget elementor-widget-image-box\" data-id=\"8e87a08\" data-element_type=\"widget\" data-widget_type=\"image-box.default\">\n\t\t\t\t<div class=\"elementor-widget-container\">\n\t\t\t\t\t<div class=\"elementor-image-box-wrapper\"><figure class=\"elementor-image-box-img\"><img src=\"https:\/\/www.spinaker.com\/wp-content\/uploads\/elementor\/thumbs\/plat-restaurant-2021-phgwns0t2oxy4vfyjhb5ezkeaxezpebmkdhoakh88w.jpg\" title=\"plat-restaurant-2021\" alt=\"plat-restaurant-2021\" loading=\"lazy\" \/><\/figure><div class=\"elementor-image-box-content\"><h3 class=\"elementor-image-box-title\">LE RESTAURANT\u200b<\/h3><p class=\"elementor-image-box-description\">Vous avez la possibilit\u00e9 de les consulter en ligne depuis votre smartphone<\/p><\/div><\/div>\t\t\t\t<\/div>\n\t\t\t\t<\/div>\n\t\t\t\t<div class=\"elementor-element elementor-element-5591c63 flex-horizontal-align-default flex-horizontal-align-tablet-default flex-horizontal-align-mobile-default flex-vertical-align-default flex-vertical-align-tablet-default flex-vertical-align-mobile-default elementor-widget elementor-widget-thegem-styledbutton\" data-id=\"5591c63\" data-element_type=\"widget\" data-settings=\"{&quot;thegem_button_skin&quot;:&quot;flat&quot;}\" data-widget_type=\"thegem-styledbutton.default\">\n\t\t\t\t<div class=\"elementor-widget-container\">\n\t\t\t\t\t\n<div class=\"gem-button-container gem-widget-button\">\n\n\t\t<a class=\"gem-button gem-button-size-small gem-button-text-weight-bold gem-button-style-flat\" href=\"\/en\/Restaurant\/\">\n\t\t<span class=\"gem-inner-wrapper-btn\">\n\t\t\t\t\t\t<span class=\"gem-text-button\">\n\t\t\t\tConsulter les cartes en ligne\t\t\t<\/span>\n\t\t<\/span>\n\t<\/a>\n\n\t\n<\/div>\t\t\t\t<\/div>\n\t\t\t\t<\/div>\n\t\t\t\t\t<\/div>\n\t\t<\/div>\n\t\t\t\t\t<\/div><\/div>\r\n\t\t<\/section>\r\n\t\t\t\t<section class=\"elementor-section elementor-top-section elementor-element elementor-element-bde9726 elementor-section-boxed elementor-section-height-default elementor-section-height-default\" data-id=\"bde9726\" data-element_type=\"section\">\r\n\t\t\t\t\t\t<div class=\"elementor-container elementor-column-gap-thegem\"><div class=\"elementor-row\">\r\n\t\t\t\t\t<div class=\"elementor-column elementor-col-100 elementor-top-column elementor-element elementor-element-b7fdb32\" data-id=\"b7fdb32\" data-element_type=\"column\">\n\t\t\t<div class=\"elementor-widget-wrap elementor-element-populated\">\n\t\t\t\t\t\t<div class=\"elementor-element elementor-element-5ecaa0a elementor-position-right elementor-vertical-align-top flex-horizontal-align-default flex-horizontal-align-tablet-default flex-horizontal-align-mobile-default flex-vertical-align-default flex-vertical-align-tablet-default flex-vertical-align-mobile-default elementor-widget elementor-widget-image-box\" data-id=\"5ecaa0a\" data-element_type=\"widget\" data-widget_type=\"image-box.default\">\n\t\t\t\t<div class=\"elementor-widget-container\">\n\t\t\t\t\t<div class=\"elementor-image-box-wrapper\"><figure class=\"elementor-image-box-img\"><img width=\"998\" height=\"1150\" src=\"https:\/\/www.spinaker.com\/wp-content\/uploads\/plan-covid-19-2020-sans-titre.jpg\" class=\"attachment-full size-full wp-image-5225\" alt=\"\" srcset=\"https:\/\/www.spinaker.com\/wp-content\/uploads\/plan-covid-19-2020-sans-titre.jpg 998w, https:\/\/www.spinaker.com\/wp-content\/uploads\/plan-covid-19-2020-sans-titre-300x346.jpg 300w, https:\/\/www.spinaker.com\/wp-content\/uploads\/plan-covid-19-2020-sans-titre-600x691.jpg 600w, https:\/\/www.spinaker.com\/wp-content\/uploads\/plan-covid-19-2020-sans-titre-260x300.jpg 260w, https:\/\/www.spinaker.com\/wp-content\/uploads\/plan-covid-19-2020-sans-titre-889x1024.jpg 889w, https:\/\/www.spinaker.com\/wp-content\/uploads\/plan-covid-19-2020-sans-titre-768x885.jpg 768w\" sizes=\"(max-width: 998px) 100vw, 998px\" \/><\/figure><div class=\"elementor-image-box-content\"><h3 class=\"elementor-image-box-title\">Parcours balis\u00e9 et zones de protection<\/h3><p class=\"elementor-image-box-description\">Pour le respect des gestes barri\u00e8res, nous avons am\u00e9nag\u00e9 nos espaces et l\u2019acc\u00e8s aux diff\u00e9rents services de l\u2019\u00e9tablissement. Ce plan, vous permettra de suivre les r\u00e8gles de distanciation.\n<\/p><\/div><\/div>\t\t\t\t<\/div>\n\t\t\t\t<\/div>\n\t\t\t\t\t<\/div>\n\t\t<\/div>\n\t\t\t\t\t<\/div><\/div>\r\n\t\t<\/section>\r\n\t\t\t\t<\/div>","protected":false},"excerpt":{"rendered":"<p>Nos mesures de s\u00e9curit\u00e9 Covid L&rsquo;h\u00f4tel Restaurant Le Spinaker b\u00e9n\u00e9ficie d\u2019une structure unique pour faire face au COVID 19 et accueillir sa client\u00e8le en toute s\u00e9curit\u00e9. Nous avons mis en place en plus des dispositifs essentiels (gestes barri\u00e8res, gel hydroalcoolique\u2026) : Les Menus du restaurant en ligne terrasse priv\u00e9e avec&#8230;<\/p>","protected":false},"author":1,"featured_media":0,"parent":0,"menu_order":0,"comment_status":"closed","ping_status":"closed","template":"page-fullwidth.php","meta":{"footnotes":""},"class_list":["post-5203","page","type-page","status-publish"],"yoast_head":"<!-- This site is optimized with the Yoast SEO plugin v25.4 - https:\/\/yoast.com\/wordpress\/plugins\/seo\/ -->\n<title>Dispositif de protection contre le Covid du Spinaker<\/title>\n<meta name=\"description\" content=\"Votre s\u00e9curit\u00e9 \u00e9tant notre priorit\u00e9, Le Spinaker est le 1er h\u00f4tels en France \u00e9quip\u00e9 de robot U.V.C qui \u00e9limine 99% des virus et bact\u00e9ries.\" \/>\n<meta name=\"robots\" content=\"index, follow, max-snippet:-1, max-image-preview:large, max-video-preview:-1\" \/>\n<link rel=\"canonical\" href=\"https:\/\/www.spinaker.com\/en\/dispositif-covid\" \/>\n<meta property=\"og:locale\" content=\"en_GB\" \/>\n<meta property=\"og:type\" content=\"article\" \/>\n<meta property=\"og:title\" content=\"Dispositif de protection contre le Covid du Spinaker\" \/>\n<meta property=\"og:description\" content=\"Votre s\u00e9curit\u00e9 \u00e9tant notre priorit\u00e9, Le Spinaker est le 1er h\u00f4tels en France \u00e9quip\u00e9 de robot U.V.C qui \u00e9limine 99% des virus et bact\u00e9ries.\" \/>\n<meta property=\"og:url\" content=\"https:\/\/www.spinaker.com\/en\/dispositif-covid\" \/>\n<meta property=\"og:site_name\" content=\"Spinaker - h\u00f4tel 4 \u00e9toiles - restaurant\" \/>\n<meta property=\"article:publisher\" content=\"https:\/\/www.facebook.com\/spinakerhotelofficiel\/\" \/>\n<meta property=\"article:modified_time\" content=\"2022-01-02T00:03:43+00:00\" \/>\n<meta property=\"og:image\" content=\"https:\/\/www.spinaker.com\/wp-content\/uploads\/7-1-scaled.jpg\" \/>\n<meta name=\"twitter:card\" content=\"summary_large_image\" \/>\n<meta name=\"twitter:label1\" content=\"Estimated reading time\" \/>\n\t<meta name=\"twitter:data1\" content=\"2 minutes\" \/>\n<script type=\"application\/ld+json\" class=\"yoast-schema-graph\">{\"@context\":\"https:\/\/schema.org\",\"@graph\":[{\"@type\":\"WebPage\",\"@id\":\"https:\/\/www.spinaker.com\/en\/dispositif-covid\",\"url\":\"https:\/\/www.spinaker.com\/en\/dispositif-covid\",\"name\":\"Dispositif de protection contre le Covid du Spinaker\",\"isPartOf\":{\"@id\":\"https:\/\/www.spinaker.com\/#website\"},\"primaryImageOfPage\":{\"@id\":\"https:\/\/www.spinaker.com\/en\/dispositif-covid#primaryimage\"},\"image\":{\"@id\":\"https:\/\/www.spinaker.com\/en\/dispositif-covid#primaryimage\"},\"thumbnailUrl\":\"https:\/\/www.spinaker.com\/wp-content\/uploads\/7-1-scaled.jpg\",\"datePublished\":\"2021-05-11T21:19:45+00:00\",\"dateModified\":\"2022-01-02T00:03:43+00:00\",\"description\":\"Votre s\u00e9curit\u00e9 \u00e9tant notre priorit\u00e9, Le Spinaker est le 1er h\u00f4tels en France \u00e9quip\u00e9 de robot U.V.C qui \u00e9limine 99% des virus et bact\u00e9ries.\",\"inLanguage\":\"en-GB\",\"potentialAction\":[{\"@type\":\"ReadAction\",\"target\":[\"https:\/\/www.spinaker.com\/en\/dispositif-covid\"]}]},{\"@type\":\"ImageObject\",\"inLanguage\":\"en-GB\",\"@id\":\"https:\/\/www.spinaker.com\/en\/dispositif-covid#primaryimage\",\"url\":\"https:\/\/www.spinaker.com\/wp-content\/uploads\/7-1-scaled.jpg\",\"contentUrl\":\"https:\/\/www.spinaker.com\/wp-content\/uploads\/7-1-scaled.jpg\"},{\"@type\":\"WebSite\",\"@id\":\"https:\/\/www.spinaker.com\/#website\",\"url\":\"https:\/\/www.spinaker.com\/\",\"name\":\"Spinaker - h\u00f4tel 4 \u00e9toiles - restaurant\",\"description\":\"H\u00f4tel 4 \u00e9toiles et restaurant gastronomique au Grau-du-Roi \u00e0 Port Camargue\",\"publisher\":{\"@id\":\"https:\/\/www.spinaker.com\/#organization\"},\"potentialAction\":[{\"@type\":\"SearchAction\",\"target\":{\"@type\":\"EntryPoint\",\"urlTemplate\":\"https:\/\/www.spinaker.com\/?s={search_term_string}\"},\"query-input\":{\"@type\":\"PropertyValueSpecification\",\"valueRequired\":true,\"valueName\":\"search_term_string\"}}],\"inLanguage\":\"en-GB\"},{\"@type\":\"Organization\",\"@id\":\"https:\/\/www.spinaker.com\/#organization\",\"name\":\"Spinaker - h\u00f4tel 4 \u00e9toiles - restaurant\",\"url\":\"https:\/\/www.spinaker.com\/\",\"logo\":{\"@type\":\"ImageObject\",\"inLanguage\":\"en-GB\",\"@id\":\"https:\/\/www.spinaker.com\/#\/schema\/logo\/image\/\",\"url\":\"https:\/\/www.spinaker.com\/wp-content\/uploads\/logo-lg.png\",\"contentUrl\":\"https:\/\/www.spinaker.com\/wp-content\/uploads\/logo-lg.png\",\"width\":500,\"height\":100,\"caption\":\"Spinaker - h\u00f4tel 4 \u00e9toiles - restaurant\"},\"image\":{\"@id\":\"https:\/\/www.spinaker.com\/#\/schema\/logo\/image\/\"},\"sameAs\":[\"https:\/\/www.facebook.com\/spinakerhotelofficiel\/\",\"https:\/\/www.instagram.com\/spinakerhotelofficiel\",\"https:\/\/www.youtube.com\/channel\/UCKo2MqXwoG6OPkp04pDfNYQ\"]}]}<\/script>\n<!-- \/ Yoast SEO plugin. -->","yoast_head_json":{"title":"Dispositif de protection contre le Covid du Spinaker","description":"Votre s\u00e9curit\u00e9 \u00e9tant notre priorit\u00e9, Le Spinaker est le 1er h\u00f4tels en France \u00e9quip\u00e9 de robot U.V.C qui \u00e9limine 99% des virus et bact\u00e9ries.","robots":{"index":"index","follow":"follow","max-snippet":"max-snippet:-1","max-image-preview":"max-image-preview:large","max-video-preview":"max-video-preview:-1"},"canonical":"https:\/\/www.spinaker.com\/en\/dispositif-covid","og_locale":"en_GB","og_type":"article","og_title":"Dispositif de protection contre le Covid du Spinaker","og_description":"Votre s\u00e9curit\u00e9 \u00e9tant notre priorit\u00e9, Le Spinaker est le 1er h\u00f4tels en France \u00e9quip\u00e9 de robot U.V.C qui \u00e9limine 99% des virus et bact\u00e9ries.","og_url":"https:\/\/www.spinaker.com\/en\/dispositif-covid","og_site_name":"Spinaker - h\u00f4tel 4 \u00e9toiles - restaurant","article_publisher":"https:\/\/www.facebook.com\/spinakerhotelofficiel\/","article_modified_time":"2022-01-02T00:03:43+00:00","og_image":[{"url":"https:\/\/www.spinaker.com\/wp-content\/uploads\/7-1-scaled.jpg","type":"","width":"","height":""}],"twitter_card":"summary_large_image","twitter_misc":{"Estimated reading time":"2 minutes"},"schema":{"@context":"https:\/\/schema.org","@graph":[{"@type":"WebPage","@id":"https:\/\/www.spinaker.com\/en\/dispositif-covid","url":"https:\/\/www.spinaker.com\/en\/dispositif-covid","name":"Dispositif de protection contre le Covid du Spinaker","isPartOf":{"@id":"https:\/\/www.spinaker.com\/#website"},"primaryImageOfPage":{"@id":"https:\/\/www.spinaker.com\/en\/dispositif-covid#primaryimage"},"image":{"@id":"https:\/\/www.spinaker.com\/en\/dispositif-covid#primaryimage"},"thumbnailUrl":"https:\/\/www.spinaker.com\/wp-content\/uploads\/7-1-scaled.jpg","datePublished":"2021-05-11T21:19:45+00:00","dateModified":"2022-01-02T00:03:43+00:00","description":"Votre s\u00e9curit\u00e9 \u00e9tant notre priorit\u00e9, Le Spinaker est le 1er h\u00f4tels en France \u00e9quip\u00e9 de robot U.V.C qui \u00e9limine 99% des virus et bact\u00e9ries.","inLanguage":"en-GB","potentialAction":[{"@type":"ReadAction","target":["https:\/\/www.spinaker.com\/en\/dispositif-covid"]}]},{"@type":"ImageObject","inLanguage":"en-GB","@id":"https:\/\/www.spinaker.com\/en\/dispositif-covid#primaryimage","url":"https:\/\/www.spinaker.com\/wp-content\/uploads\/7-1-scaled.jpg","contentUrl":"https:\/\/www.spinaker.com\/wp-content\/uploads\/7-1-scaled.jpg"},{"@type":"WebSite","@id":"https:\/\/www.spinaker.com\/#website","url":"https:\/\/www.spinaker.com\/","name":"Spinaker - h\u00f4tel 4 \u00e9toiles - restaurant","description":"H\u00f4tel 4 \u00e9toiles et restaurant gastronomique au Grau-du-Roi \u00e0 Port Camargue","publisher":{"@id":"https:\/\/www.spinaker.com\/#organization"},"potentialAction":[{"@type":"SearchAction","target":{"@type":"EntryPoint","urlTemplate":"https:\/\/www.spinaker.com\/?s={search_term_string}"},"query-input":{"@type":"PropertyValueSpecification","valueRequired":true,"valueName":"search_term_string"}}],"inLanguage":"en-GB"},{"@type":"Organization","@id":"https:\/\/www.spinaker.com\/#organization","name":"Spinaker - h\u00f4tel 4 \u00e9toiles - restaurant","url":"https:\/\/www.spinaker.com\/","logo":{"@type":"ImageObject","inLanguage":"en-GB","@id":"https:\/\/www.spinaker.com\/#\/schema\/logo\/image\/","url":"https:\/\/www.spinaker.com\/wp-content\/uploads\/logo-lg.png","contentUrl":"https:\/\/www.spinaker.com\/wp-content\/uploads\/logo-lg.png","width":500,"height":100,"caption":"Spinaker - h\u00f4tel 4 \u00e9toiles - restaurant"},"image":{"@id":"https:\/\/www.spinaker.com\/#\/schema\/logo\/image\/"},"sameAs":["https:\/\/www.facebook.com\/spinakerhotelofficiel\/","https:\/\/www.instagram.com\/spinakerhotelofficiel","https:\/\/www.youtube.com\/channel\/UCKo2MqXwoG6OPkp04pDfNYQ"]}]}},"jetpack_sharing_enabled":true,"_links":{"self":[{"href":"https:\/\/www.spinaker.com\/en\/wp-json\/wp\/v2\/pages\/5203","targetHints":{"allow":["GET"]}}],"collection":[{"href":"https:\/\/www.spinaker.com\/en\/wp-json\/wp\/v2\/pages"}],"about":[{"href":"https:\/\/www.spinaker.com\/en\/wp-json\/wp\/v2\/types\/page"}],"author":[{"embeddable":true,"href":"https:\/\/www.spinaker.com\/en\/wp-json\/wp\/v2\/users\/1"}],"replies":[{"embeddable":true,"href":"https:\/\/www.spinaker.com\/en\/wp-json\/wp\/v2\/comments?post=5203"}],"version-history":[{"count":36,"href":"https:\/\/www.spinaker.com\/en\/wp-json\/wp\/v2\/pages\/5203\/revisions"}],"predecessor-version":[{"id":5803,"href":"https:\/\/www.spinaker.com\/en\/wp-json\/wp\/v2\/pages\/5203\/revisions\/5803"}],"wp:attachment":[{"href":"https:\/\/www.spinaker.com\/en\/wp-json\/wp\/v2\/media?parent=5203"}],"curies":[{"name":"wp","href":"https:\/\/api.w.org\/{rel}","templated":true}]}}