{"id":4324,"date":"2021-02-16T16:33:46","date_gmt":"2021-02-16T15:33:46","guid":{"rendered":"https:\/\/www.spinaker.com\/?page_id=4324"},"modified":"2023-02-24T00:04:34","modified_gmt":"2023-02-23T23:04:34","slug":"panier","status":"publish","type":"page","link":"https:\/\/www.spinaker.com\/en\/boutique\/panier","title":{"rendered":"Panier"},"content":{"rendered":"<div data-elementor-type=\"wp-page\" data-elementor-id=\"4324\" class=\"elementor elementor-4324\">\n\t\t\t\t\t\t<section class=\"elementor-section elementor-top-section elementor-element elementor-element-1bcc385 elementor-section-boxed elementor-section-height-default elementor-section-height-default\" data-id=\"1bcc385\" data-element_type=\"section\" data-settings=\"{&quot;background_background&quot;:&quot;classic&quot;}\">\r\n\t\t\t\t\t\t<div class=\"elementor-container elementor-column-gap-thegem\"><div class=\"elementor-row\">\r\n\t\t\t\t\t<div class=\"elementor-column elementor-col-100 elementor-top-column elementor-element elementor-element-d90754b\" data-id=\"d90754b\" data-element_type=\"column\">\n\t\t\t<div class=\"elementor-widget-wrap elementor-element-populated\">\n\t\t\t\t\t\t<div class=\"elementor-element elementor-element-9b0dac6 flex-horizontal-align-default flex-horizontal-align-tablet-default flex-horizontal-align-mobile-default flex-vertical-align-default flex-vertical-align-tablet-default flex-vertical-align-mobile-default elementor-widget elementor-widget-heading\" data-id=\"9b0dac6\" data-element_type=\"widget\" data-widget_type=\"heading.default\">\n\t\t\t\t<div class=\"elementor-widget-container\">\n\t\t\t\t\t<h1 class=\"elementor-heading-title elementor-size-default\">Panier<\/h1>\t\t\t\t<\/div>\n\t\t\t\t<\/div>\n\t\t\t\t<div class=\"elementor-element elementor-element-57d1597 flex-horizontal-align-default flex-horizontal-align-tablet-default flex-horizontal-align-mobile-default flex-vertical-align-default flex-vertical-align-tablet-default flex-vertical-align-mobile-default elementor-widget elementor-widget-text-editor\" data-id=\"57d1597\" data-element_type=\"widget\" data-widget_type=\"text-editor.default\">\n\t\t\t\t<div class=\"elementor-widget-container\">\n\t\t\t\t\t\t\t\t\t\t\t\t<div class=\"elementor-text-editor elementor-clearfix\">\r\n\t\t\t\t\t\t<p><\/p>\t\t\t\t\t\t\t<\/div>\r\n\t\t\t\t\t\t\t\t\t\t<\/div>\n\t\t\t\t<\/div>\n\t\t\t\t\t<\/div>\n\t\t<\/div>\n\t\t\t\t\t<\/div><\/div>\r\n\t\t<\/section>\r\n\t\t\t\t<\/div>","protected":false},"excerpt":{"rendered":"<p>Panier<\/p>","protected":false},"author":1,"featured_media":0,"parent":4290,"menu_order":0,"comment_status":"closed","ping_status":"closed","template":"page-fullwidth.php","meta":{"footnotes":""},"class_list":["post-4324","page","type-page","status-publish"],"yoast_head":"<!-- This site is optimized with the Yoast SEO plugin v25.4 - https:\/\/yoast.com\/wordpress\/plugins\/seo\/ -->\n<title>La boutique du Spinaker, Luxe et originalit\u00e9 dans la Marinas<\/title>\n<meta name=\"description\" content=\"Boutique en ligne, des produits d&#039;exception, des cartes cadeaux pour se faire plaisir et offrir\" \/>\n<meta name=\"robots\" content=\"index, follow, max-snippet:-1, max-image-preview:large, max-video-preview:-1\" \/>\n<link rel=\"canonical\" href=\"https:\/\/www.spinaker.com\/en\/boutique\/panier\" \/>\n<meta property=\"og:locale\" content=\"en_GB\" \/>\n<meta property=\"og:type\" content=\"article\" \/>\n<meta property=\"og:title\" content=\"La boutique du Spinaker, Luxe et originalit\u00e9 dans la Marinas\" \/>\n<meta property=\"og:description\" content=\"Boutique en ligne, des produits d&#039;exception, des cartes cadeaux pour se faire plaisir et offrir\" \/>\n<meta property=\"og:url\" content=\"https:\/\/www.spinaker.com\/en\/boutique\/panier\" \/>\n<meta property=\"og:site_name\" content=\"Spinaker - h\u00f4tel 4 \u00e9toiles - restaurant\" \/>\n<meta property=\"article:publisher\" content=\"https:\/\/www.facebook.com\/spinakerhotelofficiel\/\" \/>\n<meta property=\"article:modified_time\" content=\"2023-02-23T23:04:34+00:00\" \/>\n<meta name=\"twitter:card\" content=\"summary_large_image\" \/>\n<meta name=\"twitter:label1\" content=\"Estimated reading time\" \/>\n\t<meta name=\"twitter:data1\" content=\"1 minute\" \/>\n<script type=\"application\/ld+json\" class=\"yoast-schema-graph\">{\"@context\":\"https:\/\/schema.org\",\"@graph\":[{\"@type\":\"WebPage\",\"@id\":\"https:\/\/www.spinaker.com\/en\/boutique\/panier\",\"url\":\"https:\/\/www.spinaker.com\/en\/boutique\/panier\",\"name\":\"La boutique du Spinaker, Luxe et originalit\u00e9 dans la Marinas\",\"isPartOf\":{\"@id\":\"https:\/\/www.spinaker.com\/#website\"},\"datePublished\":\"2021-02-16T15:33:46+00:00\",\"dateModified\":\"2023-02-23T23:04:34+00:00\",\"description\":\"Boutique en ligne, des produits d'exception, des cartes cadeaux pour se faire plaisir et offrir\",\"breadcrumb\":{\"@id\":\"https:\/\/www.spinaker.com\/en\/boutique\/panier#breadcrumb\"},\"inLanguage\":\"en-GB\",\"potentialAction\":[{\"@type\":\"ReadAction\",\"target\":[\"https:\/\/www.spinaker.com\/en\/boutique\/panier\"]}]},{\"@type\":\"BreadcrumbList\",\"@id\":\"https:\/\/www.spinaker.com\/en\/boutique\/panier#breadcrumb\",\"itemListElement\":[{\"@type\":\"ListItem\",\"position\":1,\"name\":\"Boutique\",\"item\":\"https:\/\/www.spinaker.com\/en\/boutique\"},{\"@type\":\"ListItem\",\"position\":2,\"name\":\"Panier\"}]},{\"@type\":\"WebSite\",\"@id\":\"https:\/\/www.spinaker.com\/#website\",\"url\":\"https:\/\/www.spinaker.com\/\",\"name\":\"Spinaker - h\u00f4tel 4 \u00e9toiles - restaurant\",\"description\":\"H\u00f4tel 4 \u00e9toiles et restaurant gastronomique au Grau-du-Roi \u00e0 Port Camargue\",\"publisher\":{\"@id\":\"https:\/\/www.spinaker.com\/#organization\"},\"potentialAction\":[{\"@type\":\"SearchAction\",\"target\":{\"@type\":\"EntryPoint\",\"urlTemplate\":\"https:\/\/www.spinaker.com\/?s={search_term_string}\"},\"query-input\":{\"@type\":\"PropertyValueSpecification\",\"valueRequired\":true,\"valueName\":\"search_term_string\"}}],\"inLanguage\":\"en-GB\"},{\"@type\":\"Organization\",\"@id\":\"https:\/\/www.spinaker.com\/#organization\",\"name\":\"Spinaker - h\u00f4tel 4 \u00e9toiles - restaurant\",\"url\":\"https:\/\/www.spinaker.com\/\",\"logo\":{\"@type\":\"ImageObject\",\"inLanguage\":\"en-GB\",\"@id\":\"https:\/\/www.spinaker.com\/#\/schema\/logo\/image\/\",\"url\":\"https:\/\/www.spinaker.com\/wp-content\/uploads\/logo-lg.png\",\"contentUrl\":\"https:\/\/www.spinaker.com\/wp-content\/uploads\/logo-lg.png\",\"width\":500,\"height\":100,\"caption\":\"Spinaker - h\u00f4tel 4 \u00e9toiles - restaurant\"},\"image\":{\"@id\":\"https:\/\/www.spinaker.com\/#\/schema\/logo\/image\/\"},\"sameAs\":[\"https:\/\/www.facebook.com\/spinakerhotelofficiel\/\",\"https:\/\/www.instagram.com\/spinakerhotelofficiel\",\"https:\/\/www.youtube.com\/channel\/UCKo2MqXwoG6OPkp04pDfNYQ\"]}]}<\/script>\n<!-- \/ Yoast SEO plugin. -->","yoast_head_json":{"title":"La boutique du Spinaker, Luxe et originalit\u00e9 dans la Marinas","description":"Boutique en ligne, des produits d'exception, des cartes cadeaux pour se faire plaisir et offrir","robots":{"index":"index","follow":"follow","max-snippet":"max-snippet:-1","max-image-preview":"max-image-preview:large","max-video-preview":"max-video-preview:-1"},"canonical":"https:\/\/www.spinaker.com\/en\/boutique\/panier","og_locale":"en_GB","og_type":"article","og_title":"La boutique du Spinaker, Luxe et originalit\u00e9 dans la Marinas","og_description":"Boutique en ligne, des produits d'exception, des cartes cadeaux pour se faire plaisir et offrir","og_url":"https:\/\/www.spinaker.com\/en\/boutique\/panier","og_site_name":"Spinaker - h\u00f4tel 4 \u00e9toiles - restaurant","article_publisher":"https:\/\/www.facebook.com\/spinakerhotelofficiel\/","article_modified_time":"2023-02-23T23:04:34+00:00","twitter_card":"summary_large_image","twitter_misc":{"Estimated reading time":"1 minute"},"schema":{"@context":"https:\/\/schema.org","@graph":[{"@type":"WebPage","@id":"https:\/\/www.spinaker.com\/en\/boutique\/panier","url":"https:\/\/www.spinaker.com\/en\/boutique\/panier","name":"La boutique du Spinaker, Luxe et originalit\u00e9 dans la Marinas","isPartOf":{"@id":"https:\/\/www.spinaker.com\/#website"},"datePublished":"2021-02-16T15:33:46+00:00","dateModified":"2023-02-23T23:04:34+00:00","description":"Boutique en ligne, des produits d'exception, des cartes cadeaux pour se faire plaisir et offrir","breadcrumb":{"@id":"https:\/\/www.spinaker.com\/en\/boutique\/panier#breadcrumb"},"inLanguage":"en-GB","potentialAction":[{"@type":"ReadAction","target":["https:\/\/www.spinaker.com\/en\/boutique\/panier"]}]},{"@type":"BreadcrumbList","@id":"https:\/\/www.spinaker.com\/en\/boutique\/panier#breadcrumb","itemListElement":[{"@type":"ListItem","position":1,"name":"Boutique","item":"https:\/\/www.spinaker.com\/en\/boutique"},{"@type":"ListItem","position":2,"name":"Panier"}]},{"@type":"WebSite","@id":"https:\/\/www.spinaker.com\/#website","url":"https:\/\/www.spinaker.com\/","name":"Spinaker - h\u00f4tel 4 \u00e9toiles - restaurant","description":"H\u00f4tel 4 \u00e9toiles et restaurant gastronomique au Grau-du-Roi \u00e0 Port Camargue","publisher":{"@id":"https:\/\/www.spinaker.com\/#organization"},"potentialAction":[{"@type":"SearchAction","target":{"@type":"EntryPoint","urlTemplate":"https:\/\/www.spinaker.com\/?s={search_term_string}"},"query-input":{"@type":"PropertyValueSpecification","valueRequired":true,"valueName":"search_term_string"}}],"inLanguage":"en-GB"},{"@type":"Organization","@id":"https:\/\/www.spinaker.com\/#organization","name":"Spinaker - h\u00f4tel 4 \u00e9toiles - restaurant","url":"https:\/\/www.spinaker.com\/","logo":{"@type":"ImageObject","inLanguage":"en-GB","@id":"https:\/\/www.spinaker.com\/#\/schema\/logo\/image\/","url":"https:\/\/www.spinaker.com\/wp-content\/uploads\/logo-lg.png","contentUrl":"https:\/\/www.spinaker.com\/wp-content\/uploads\/logo-lg.png","width":500,"height":100,"caption":"Spinaker - h\u00f4tel 4 \u00e9toiles - restaurant"},"image":{"@id":"https:\/\/www.spinaker.com\/#\/schema\/logo\/image\/"},"sameAs":["https:\/\/www.facebook.com\/spinakerhotelofficiel\/","https:\/\/www.instagram.com\/spinakerhotelofficiel","https:\/\/www.youtube.com\/channel\/UCKo2MqXwoG6OPkp04pDfNYQ"]}]}},"jetpack_sharing_enabled":true,"_links":{"self":[{"href":"https:\/\/www.spinaker.com\/en\/wp-json\/wp\/v2\/pages\/4324","targetHints":{"allow":["GET"]}}],"collection":[{"href":"https:\/\/www.spinaker.com\/en\/wp-json\/wp\/v2\/pages"}],"about":[{"href":"https:\/\/www.spinaker.com\/en\/wp-json\/wp\/v2\/types\/page"}],"author":[{"embeddable":true,"href":"https:\/\/www.spinaker.com\/en\/wp-json\/wp\/v2\/users\/1"}],"replies":[{"embeddable":true,"href":"https:\/\/www.spinaker.com\/en\/wp-json\/wp\/v2\/comments?post=4324"}],"version-history":[{"count":5,"href":"https:\/\/www.spinaker.com\/en\/wp-json\/wp\/v2\/pages\/4324\/revisions"}],"predecessor-version":[{"id":4364,"href":"https:\/\/www.spinaker.com\/en\/wp-json\/wp\/v2\/pages\/4324\/revisions\/4364"}],"up":[{"embeddable":true,"href":"https:\/\/www.spinaker.com\/en\/wp-json\/wp\/v2\/pages\/4290"}],"wp:attachment":[{"href":"https:\/\/www.spinaker.com\/en\/wp-json\/wp\/v2\/media?parent=4324"}],"curies":[{"name":"wp","href":"https:\/\/api.w.org\/{rel}","templated":true}]}}